{"id":6054,"date":"2020-11-06T10:35:59","date_gmt":"2020-11-06T09:35:59","guid":{"rendered":"https:\/\/shop-clone2.theifab.com\/product\/laws-of-the-game-2020-21-spanish\/"},"modified":"2021-04-12T15:15:30","modified_gmt":"2021-04-12T13:15:30","slug":"spielregeln-2020-21-spanisch","status":"publish","type":"product","link":"https:\/\/shop.theifab.com\/de\/produkt\/spielregeln-2020-21-spanisch\/","title":{"rendered":"SPIELREGELN 2020\/21 &#8211;<br>Spanisch"},"content":{"rendered":"<p>Sie k\u00f6nnen die Spielregeln in vier Sprachen bestellen (Deutsch, Englisch, Franz\u00f6sisch und Spanisch) und direkt online oder mittels Bank\u00fcberweisung bezahlen. Bei Problemen beim Bestellvorgang stehen wir Ihnen gerne unter order@theifab.com zur Verf\u00fcgung.<\/p>\n","protected":false},"excerpt":{"rendered":"<p>Sie k\u00f6nnen die Spielregeln in vier Sprachen bestellen (Deutsch, Englisch, Franz\u00f6sisch und Spanisch) und direkt&#8230;<\/p>\n","protected":false},"featured_media":6055,"template":"","meta":[],"product_cat":[84],"product_tag":[],"class_list":["post-6054","product","type-product","status-publish","has-post-thumbnail","hentry","product_cat-spielregeln-2020-21"],"yoast_head":"<!-- This site is optimized with the Yoast SEO plugin v18.2 - https:\/\/yoast.com\/wordpress\/plugins\/seo\/ -->\n<title>SPIELREGELN 2020\/21 -Spanisch - The IFAB Webshop<\/title>\n<meta name=\"robots\" content=\"index, follow, max-snippet:-1, max-image-preview:large, max-video-preview:-1\" \/>\n<link rel=\"canonical\" href=\"https:\/\/shop.theifab.com\/de\/produkt\/spielregeln-2020-21-spanisch\/\" \/>\n<meta property=\"og:locale\" content=\"de_DE\" \/>\n<meta property=\"og:type\" content=\"article\" \/>\n<meta property=\"og:title\" content=\"SPIELREGELN 2020\/21 -Spanisch - The IFAB Webshop\" \/>\n<meta property=\"og:description\" content=\"Sie k\u00f6nnen die Spielregeln in vier Sprachen bestellen (Deutsch, Englisch, Franz\u00f6sisch und Spanisch) und direkt...\" \/>\n<meta property=\"og:url\" content=\"https:\/\/shop.theifab.com\/de\/produkt\/spielregeln-2020-21-spanisch\/\" \/>\n<meta property=\"og:site_name\" content=\"The IFAB Webshop\" \/>\n<meta property=\"article:modified_time\" content=\"2021-04-12T13:15:30+00:00\" \/>\n<meta property=\"og:image\" content=\"https:\/\/shop.theifab.com\/wp-content\/uploads\/2020\/11\/IFABWEB-628_photo_product_486x604_1_ES@2x.png\" \/>\n\t<meta property=\"og:image:width\" content=\"972\" \/>\n\t<meta property=\"og:image:height\" content=\"1208\" \/>\n\t<meta property=\"og:image:type\" content=\"image\/png\" \/>\n<meta name=\"twitter:card\" content=\"summary_large_image\" \/>\n<script type=\"application\/ld+json\" class=\"yoast-schema-graph\">{\"@context\":\"https:\/\/schema.org\",\"@graph\":[{\"@type\":\"WebSite\",\"@id\":\"https:\/\/shop.theifab.com\/#website\",\"url\":\"https:\/\/shop.theifab.com\/\",\"name\":\"The IFAB Webshop\",\"description\":\"\",\"potentialAction\":[{\"@type\":\"SearchAction\",\"target\":{\"@type\":\"EntryPoint\",\"urlTemplate\":\"https:\/\/shop.theifab.com\/?s={search_term_string}\"},\"query-input\":\"required name=search_term_string\"}],\"inLanguage\":\"de\"},{\"@type\":\"ImageObject\",\"@id\":\"https:\/\/shop.theifab.com\/de\/produkt\/spielregeln-2020-21-spanisch\/#primaryimage\",\"inLanguage\":\"de\",\"url\":\"https:\/\/shop.theifab.com\/wp-content\/uploads\/2020\/11\/IFABWEB-628_photo_product_486x604_1_ES@2x.png\",\"contentUrl\":\"https:\/\/shop.theifab.com\/wp-content\/uploads\/2020\/11\/IFABWEB-628_photo_product_486x604_1_ES@2x.png\",\"width\":972,\"height\":1208},{\"@type\":\"WebPage\",\"@id\":\"https:\/\/shop.theifab.com\/de\/produkt\/spielregeln-2020-21-spanisch\/#webpage\",\"url\":\"https:\/\/shop.theifab.com\/de\/produkt\/spielregeln-2020-21-spanisch\/\",\"name\":\"SPIELREGELN 2020\/21 - Spanisch - The IFAB Webshop\",\"isPartOf\":{\"@id\":\"https:\/\/shop.theifab.com\/#website\"},\"primaryImageOfPage\":{\"@id\":\"https:\/\/shop.theifab.com\/de\/produkt\/spielregeln-2020-21-spanisch\/#primaryimage\"},\"datePublished\":\"2020-11-06T09:35:59+00:00\",\"dateModified\":\"2021-04-12T13:15:30+00:00\",\"breadcrumb\":{\"@id\":\"https:\/\/shop.theifab.com\/de\/produkt\/spielregeln-2020-21-spanisch\/#breadcrumb\"},\"inLanguage\":\"de\",\"potentialAction\":[{\"@type\":\"ReadAction\",\"target\":[\"https:\/\/shop.theifab.com\/de\/produkt\/spielregeln-2020-21-spanisch\/\"]}]},{\"@type\":\"BreadcrumbList\",\"@id\":\"https:\/\/shop.theifab.com\/de\/produkt\/spielregeln-2020-21-spanisch\/#breadcrumb\",\"itemListElement\":[{\"@type\":\"ListItem\",\"position\":1,\"name\":\"Home\",\"item\":\"https:\/\/shop.theifab.com\/de\/\"},{\"@type\":\"ListItem\",\"position\":2,\"name\":\"Shop\",\"item\":\"https:\/\/shop.theifab.com\/shop\/\"},{\"@type\":\"ListItem\",\"position\":3,\"name\":\"SPIELREGELN 2020\/21 &#8211;Spanisch\"}]}]}<\/script>\n<!-- \/ Yoast SEO plugin. -->","yoast_head_json":{"title":"SPIELREGELN 2020\/21 -Spanisch - The IFAB Webshop","robots":{"index":"index","follow":"follow","max-snippet":"max-snippet:-1","max-image-preview":"max-image-preview:large","max-video-preview":"max-video-preview:-1"},"canonical":"https:\/\/shop.theifab.com\/de\/produkt\/spielregeln-2020-21-spanisch\/","og_locale":"de_DE","og_type":"article","og_title":"SPIELREGELN 2020\/21 -Spanisch - The IFAB Webshop","og_description":"Sie k\u00f6nnen die Spielregeln in vier Sprachen bestellen (Deutsch, Englisch, Franz\u00f6sisch und Spanisch) und direkt...","og_url":"https:\/\/shop.theifab.com\/de\/produkt\/spielregeln-2020-21-spanisch\/","og_site_name":"The IFAB Webshop","article_modified_time":"2021-04-12T13:15:30+00:00","og_image":[{"width":972,"height":1208,"url":"https:\/\/shop.theifab.com\/wp-content\/uploads\/2020\/11\/IFABWEB-628_photo_product_486x604_1_ES@2x.png","type":"image\/png"}],"twitter_card":"summary_large_image","schema":{"@context":"https:\/\/schema.org","@graph":[{"@type":"WebSite","@id":"https:\/\/shop.theifab.com\/#website","url":"https:\/\/shop.theifab.com\/","name":"The IFAB Webshop","description":"","potentialAction":[{"@type":"SearchAction","target":{"@type":"EntryPoint","urlTemplate":"https:\/\/shop.theifab.com\/?s={search_term_string}"},"query-input":"required name=search_term_string"}],"inLanguage":"de"},{"@type":"ImageObject","@id":"https:\/\/shop.theifab.com\/de\/produkt\/spielregeln-2020-21-spanisch\/#primaryimage","inLanguage":"de","url":"https:\/\/shop.theifab.com\/wp-content\/uploads\/2020\/11\/IFABWEB-628_photo_product_486x604_1_ES@2x.png","contentUrl":"https:\/\/shop.theifab.com\/wp-content\/uploads\/2020\/11\/IFABWEB-628_photo_product_486x604_1_ES@2x.png","width":972,"height":1208},{"@type":"WebPage","@id":"https:\/\/shop.theifab.com\/de\/produkt\/spielregeln-2020-21-spanisch\/#webpage","url":"https:\/\/shop.theifab.com\/de\/produkt\/spielregeln-2020-21-spanisch\/","name":"SPIELREGELN 2020\/21 - Spanisch - The IFAB Webshop","isPartOf":{"@id":"https:\/\/shop.theifab.com\/#website"},"primaryImageOfPage":{"@id":"https:\/\/shop.theifab.com\/de\/produkt\/spielregeln-2020-21-spanisch\/#primaryimage"},"datePublished":"2020-11-06T09:35:59+00:00","dateModified":"2021-04-12T13:15:30+00:00","breadcrumb":{"@id":"https:\/\/shop.theifab.com\/de\/produkt\/spielregeln-2020-21-spanisch\/#breadcrumb"},"inLanguage":"de","potentialAction":[{"@type":"ReadAction","target":["https:\/\/shop.theifab.com\/de\/produkt\/spielregeln-2020-21-spanisch\/"]}]},{"@type":"BreadcrumbList","@id":"https:\/\/shop.theifab.com\/de\/produkt\/spielregeln-2020-21-spanisch\/#breadcrumb","itemListElement":[{"@type":"ListItem","position":1,"name":"Home","item":"https:\/\/shop.theifab.com\/de\/"},{"@type":"ListItem","position":2,"name":"Shop","item":"https:\/\/shop.theifab.com\/shop\/"},{"@type":"ListItem","position":3,"name":"SPIELREGELN 2020\/21 &#8211;Spanisch"}]}]}},"_links":{"self":[{"href":"https:\/\/shop.theifab.com\/de\/wp-json\/wp\/v2\/product\/6054"}],"collection":[{"href":"https:\/\/shop.theifab.com\/de\/wp-json\/wp\/v2\/product"}],"about":[{"href":"https:\/\/shop.theifab.com\/de\/wp-json\/wp\/v2\/types\/product"}],"wp:featuredmedia":[{"embeddable":true,"href":"https:\/\/shop.theifab.com\/de\/wp-json\/wp\/v2\/media\/6055"}],"wp:attachment":[{"href":"https:\/\/shop.theifab.com\/de\/wp-json\/wp\/v2\/media?parent=6054"}],"wp:term":[{"taxonomy":"product_cat","embeddable":true,"href":"https:\/\/shop.theifab.com\/de\/wp-json\/wp\/v2\/product_cat?post=6054"},{"taxonomy":"product_tag","embeddable":true,"href":"https:\/\/shop.theifab.com\/de\/wp-json\/wp\/v2\/product_tag?post=6054"}],"curies":[{"name":"wp","href":"https:\/\/api.w.org\/{rel}","templated":true}]}}