{"id":6352,"date":"2021-03-15T14:19:34","date_gmt":"2021-03-15T13:19:34","guid":{"rendered":"https:\/\/shop-clone2.theifab.com\/?post_type=product&#038;p=6352"},"modified":"2023-03-08T10:28:43","modified_gmt":"2023-03-08T09:28:43","slug":"spielregeln-2021-22-franzosisch","status":"publish","type":"product","link":"https:\/\/shop.theifab.com\/de\/produkt\/spielregeln-2021-22-franzosisch\/","title":{"rendered":"SPIELREGELN 2021\/22 &#8211;<br>Franz\u00f6sisch"},"content":{"rendered":"<p>Sie k\u00f6nnen die Spielregeln in vier Sprachen bestellen (Deutsch, Englisch, Franz\u00f6sisch und Spanisch) und direkt online oder mittels Bank\u00fcberweisung bezahlen. Bei Problemen beim Bestellvorgang stehen wir Ihnen gerne unter order@theifab.com zur Verf\u00fcgung.<\/p>\n","protected":false},"excerpt":{"rendered":"<p>Sie k\u00f6nnen die Spielregeln in vier Sprachen bestellen (Deutsch, Englisch, Franz\u00f6sisch und Spanisch) und direkt&#8230;<\/p>\n","protected":false},"featured_media":6485,"template":"","meta":[],"product_cat":[94],"product_tag":[],"class_list":["post-6352","product","type-product","status-publish","has-post-thumbnail","hentry","product_cat-spielregeln-2021-22"],"yoast_head":"<!-- This site is optimized with the Yoast SEO plugin v18.2 - https:\/\/yoast.com\/wordpress\/plugins\/seo\/ -->\n<title>SPIELREGELN 2021\/22 -Franz\u00f6sisch - The IFAB Webshop<\/title>\n<meta name=\"robots\" content=\"index, follow, max-snippet:-1, max-image-preview:large, max-video-preview:-1\" \/>\n<link rel=\"canonical\" href=\"https:\/\/shop.theifab.com\/de\/produkt\/spielregeln-2021-22-franzosisch\/\" \/>\n<meta property=\"og:locale\" content=\"de_DE\" \/>\n<meta property=\"og:type\" content=\"article\" \/>\n<meta property=\"og:title\" content=\"SPIELREGELN 2021\/22 -Franz\u00f6sisch - The IFAB Webshop\" \/>\n<meta property=\"og:description\" content=\"Sie k\u00f6nnen die Spielregeln in vier Sprachen bestellen (Deutsch, Englisch, Franz\u00f6sisch und Spanisch) und direkt...\" \/>\n<meta property=\"og:url\" content=\"https:\/\/shop.theifab.com\/de\/produkt\/spielregeln-2021-22-franzosisch\/\" \/>\n<meta property=\"og:site_name\" content=\"The IFAB Webshop\" \/>\n<meta property=\"article:modified_time\" content=\"2023-03-08T09:28:43+00:00\" \/>\n<meta property=\"og:image\" content=\"https:\/\/shop.theifab.com\/wp-content\/uploads\/2021\/03\/IFABWEB-628_photo_product_486x604_1_FR@2x.png\" \/>\n\t<meta property=\"og:image:width\" content=\"972\" \/>\n\t<meta property=\"og:image:height\" content=\"1208\" \/>\n\t<meta property=\"og:image:type\" content=\"image\/png\" \/>\n<meta name=\"twitter:card\" content=\"summary_large_image\" \/>\n<script type=\"application\/ld+json\" class=\"yoast-schema-graph\">{\"@context\":\"https:\/\/schema.org\",\"@graph\":[{\"@type\":\"WebSite\",\"@id\":\"https:\/\/shop.theifab.com\/#website\",\"url\":\"https:\/\/shop.theifab.com\/\",\"name\":\"The IFAB Webshop\",\"description\":\"\",\"potentialAction\":[{\"@type\":\"SearchAction\",\"target\":{\"@type\":\"EntryPoint\",\"urlTemplate\":\"https:\/\/shop.theifab.com\/?s={search_term_string}\"},\"query-input\":\"required name=search_term_string\"}],\"inLanguage\":\"de\"},{\"@type\":\"ImageObject\",\"@id\":\"https:\/\/shop.theifab.com\/de\/produkt\/spielregeln-2021-22-franzosisch\/#primaryimage\",\"inLanguage\":\"de\",\"url\":\"https:\/\/shop.theifab.com\/wp-content\/uploads\/2021\/03\/IFABWEB-628_photo_product_486x604_1_FR@2x.png\",\"contentUrl\":\"https:\/\/shop.theifab.com\/wp-content\/uploads\/2021\/03\/IFABWEB-628_photo_product_486x604_1_FR@2x.png\",\"width\":972,\"height\":1208},{\"@type\":\"WebPage\",\"@id\":\"https:\/\/shop.theifab.com\/de\/produkt\/spielregeln-2021-22-franzosisch\/#webpage\",\"url\":\"https:\/\/shop.theifab.com\/de\/produkt\/spielregeln-2021-22-franzosisch\/\",\"name\":\"SPIELREGELN 2021\/22 - Franz\u00f6sisch - The IFAB Webshop\",\"isPartOf\":{\"@id\":\"https:\/\/shop.theifab.com\/#website\"},\"primaryImageOfPage\":{\"@id\":\"https:\/\/shop.theifab.com\/de\/produkt\/spielregeln-2021-22-franzosisch\/#primaryimage\"},\"datePublished\":\"2021-03-15T13:19:34+00:00\",\"dateModified\":\"2023-03-08T09:28:43+00:00\",\"breadcrumb\":{\"@id\":\"https:\/\/shop.theifab.com\/de\/produkt\/spielregeln-2021-22-franzosisch\/#breadcrumb\"},\"inLanguage\":\"de\",\"potentialAction\":[{\"@type\":\"ReadAction\",\"target\":[\"https:\/\/shop.theifab.com\/de\/produkt\/spielregeln-2021-22-franzosisch\/\"]}]},{\"@type\":\"BreadcrumbList\",\"@id\":\"https:\/\/shop.theifab.com\/de\/produkt\/spielregeln-2021-22-franzosisch\/#breadcrumb\",\"itemListElement\":[{\"@type\":\"ListItem\",\"position\":1,\"name\":\"Home\",\"item\":\"https:\/\/shop.theifab.com\/de\/\"},{\"@type\":\"ListItem\",\"position\":2,\"name\":\"Shop\",\"item\":\"https:\/\/shop.theifab.com\/shop\/\"},{\"@type\":\"ListItem\",\"position\":3,\"name\":\"SPIELREGELN 2021\/22 &#8211;Franz\u00f6sisch\"}]}]}<\/script>\n<!-- \/ Yoast SEO plugin. -->","yoast_head_json":{"title":"SPIELREGELN 2021\/22 -Franz\u00f6sisch - The IFAB Webshop","robots":{"index":"index","follow":"follow","max-snippet":"max-snippet:-1","max-image-preview":"max-image-preview:large","max-video-preview":"max-video-preview:-1"},"canonical":"https:\/\/shop.theifab.com\/de\/produkt\/spielregeln-2021-22-franzosisch\/","og_locale":"de_DE","og_type":"article","og_title":"SPIELREGELN 2021\/22 -Franz\u00f6sisch - The IFAB Webshop","og_description":"Sie k\u00f6nnen die Spielregeln in vier Sprachen bestellen (Deutsch, Englisch, Franz\u00f6sisch und Spanisch) und direkt...","og_url":"https:\/\/shop.theifab.com\/de\/produkt\/spielregeln-2021-22-franzosisch\/","og_site_name":"The IFAB Webshop","article_modified_time":"2023-03-08T09:28:43+00:00","og_image":[{"width":972,"height":1208,"url":"https:\/\/shop.theifab.com\/wp-content\/uploads\/2021\/03\/IFABWEB-628_photo_product_486x604_1_FR@2x.png","type":"image\/png"}],"twitter_card":"summary_large_image","schema":{"@context":"https:\/\/schema.org","@graph":[{"@type":"WebSite","@id":"https:\/\/shop.theifab.com\/#website","url":"https:\/\/shop.theifab.com\/","name":"The IFAB Webshop","description":"","potentialAction":[{"@type":"SearchAction","target":{"@type":"EntryPoint","urlTemplate":"https:\/\/shop.theifab.com\/?s={search_term_string}"},"query-input":"required name=search_term_string"}],"inLanguage":"de"},{"@type":"ImageObject","@id":"https:\/\/shop.theifab.com\/de\/produkt\/spielregeln-2021-22-franzosisch\/#primaryimage","inLanguage":"de","url":"https:\/\/shop.theifab.com\/wp-content\/uploads\/2021\/03\/IFABWEB-628_photo_product_486x604_1_FR@2x.png","contentUrl":"https:\/\/shop.theifab.com\/wp-content\/uploads\/2021\/03\/IFABWEB-628_photo_product_486x604_1_FR@2x.png","width":972,"height":1208},{"@type":"WebPage","@id":"https:\/\/shop.theifab.com\/de\/produkt\/spielregeln-2021-22-franzosisch\/#webpage","url":"https:\/\/shop.theifab.com\/de\/produkt\/spielregeln-2021-22-franzosisch\/","name":"SPIELREGELN 2021\/22 - Franz\u00f6sisch - The IFAB Webshop","isPartOf":{"@id":"https:\/\/shop.theifab.com\/#website"},"primaryImageOfPage":{"@id":"https:\/\/shop.theifab.com\/de\/produkt\/spielregeln-2021-22-franzosisch\/#primaryimage"},"datePublished":"2021-03-15T13:19:34+00:00","dateModified":"2023-03-08T09:28:43+00:00","breadcrumb":{"@id":"https:\/\/shop.theifab.com\/de\/produkt\/spielregeln-2021-22-franzosisch\/#breadcrumb"},"inLanguage":"de","potentialAction":[{"@type":"ReadAction","target":["https:\/\/shop.theifab.com\/de\/produkt\/spielregeln-2021-22-franzosisch\/"]}]},{"@type":"BreadcrumbList","@id":"https:\/\/shop.theifab.com\/de\/produkt\/spielregeln-2021-22-franzosisch\/#breadcrumb","itemListElement":[{"@type":"ListItem","position":1,"name":"Home","item":"https:\/\/shop.theifab.com\/de\/"},{"@type":"ListItem","position":2,"name":"Shop","item":"https:\/\/shop.theifab.com\/shop\/"},{"@type":"ListItem","position":3,"name":"SPIELREGELN 2021\/22 &#8211;Franz\u00f6sisch"}]}]}},"_links":{"self":[{"href":"https:\/\/shop.theifab.com\/de\/wp-json\/wp\/v2\/product\/6352"}],"collection":[{"href":"https:\/\/shop.theifab.com\/de\/wp-json\/wp\/v2\/product"}],"about":[{"href":"https:\/\/shop.theifab.com\/de\/wp-json\/wp\/v2\/types\/product"}],"wp:featuredmedia":[{"embeddable":true,"href":"https:\/\/shop.theifab.com\/de\/wp-json\/wp\/v2\/media\/6485"}],"wp:attachment":[{"href":"https:\/\/shop.theifab.com\/de\/wp-json\/wp\/v2\/media?parent=6352"}],"wp:term":[{"taxonomy":"product_cat","embeddable":true,"href":"https:\/\/shop.theifab.com\/de\/wp-json\/wp\/v2\/product_cat?post=6352"},{"taxonomy":"product_tag","embeddable":true,"href":"https:\/\/shop.theifab.com\/de\/wp-json\/wp\/v2\/product_tag?post=6352"}],"curies":[{"name":"wp","href":"https:\/\/api.w.org\/{rel}","templated":true}]}}