{"id":11247,"date":"2025-03-17T11:32:08","date_gmt":"2025-03-17T10:32:09","guid":{"rendered":"https:\/\/shop.theifab.com\/?post_type=product&#038;p=11247"},"modified":"2025-06-09T14:57:41","modified_gmt":"2025-06-09T12:57:41","slug":"lois-du-jeu-2025-26-anglais-preorder","status":"publish","type":"product","link":"https:\/\/shop.theifab.com\/fr\/produit\/lois-du-jeu-2025-26-anglais-preorder\/","title":{"rendered":"LOIS DU JEU\u00a02025\/26 &#8211;<br>anglais preorder"},"content":{"rendered":"<p>Les Lois du Jeu sont disponibles en quatre langues (allemand, anglais, espagnol et fran\u00e7ais). Vous pouvez r\u00e9gler votre commande en ligne ou par virement bancaire. En cas de probl\u00e8me lors de la commande, n\u2019h\u00e9sitez pas \u00e0 nous contacter (order@ifab.com).<\/p>\n","protected":false},"excerpt":{"rendered":"<p><span style=\"font-size: 14px;\">Distribution juin 2025<\/span><\/p>\n","protected":false},"featured_media":11265,"template":"","meta":[],"product_cat":[15],"product_tag":[],"class_list":["post-11247","product","type-product","status-publish","has-post-thumbnail","hentry","product_cat-uncategorized"],"yoast_head":"<!-- This site is optimized with the Yoast SEO plugin v18.2 - https:\/\/yoast.com\/wordpress\/plugins\/seo\/ -->\n<title>LOIS DU JEU\u00a02025\/26 -anglais preorder - The IFAB Webshop<\/title>\n<meta name=\"robots\" content=\"index, follow, max-snippet:-1, max-image-preview:large, max-video-preview:-1\" \/>\n<link rel=\"canonical\" href=\"https:\/\/shop.theifab.com\/fr\/produit\/lois-du-jeu-2025-26-anglais-preorder\/\" \/>\n<meta property=\"og:locale\" content=\"fr_FR\" \/>\n<meta property=\"og:type\" content=\"article\" \/>\n<meta property=\"og:title\" content=\"LOIS DU JEU\u00a02025\/26 -anglais preorder - The IFAB Webshop\" \/>\n<meta property=\"og:description\" content=\"Distribution juin 2025\" \/>\n<meta property=\"og:url\" content=\"https:\/\/shop.theifab.com\/fr\/produit\/lois-du-jeu-2025-26-anglais-preorder\/\" \/>\n<meta property=\"og:site_name\" content=\"The IFAB Webshop\" \/>\n<meta property=\"article:modified_time\" content=\"2025-06-09T12:57:41+00:00\" \/>\n<meta property=\"og:image\" content=\"https:\/\/shop.theifab.com\/wp-content\/uploads\/2025\/03\/Thumbnail-Cover-EN.png\" \/>\n\t<meta property=\"og:image:width\" content=\"972\" \/>\n\t<meta property=\"og:image:height\" content=\"1208\" \/>\n\t<meta property=\"og:image:type\" content=\"image\/png\" \/>\n<meta name=\"twitter:card\" content=\"summary_large_image\" \/>\n<meta name=\"twitter:label1\" content=\"Dur\u00e9e de lecture estim\u00e9e\" \/>\n\t<meta name=\"twitter:data1\" content=\"1 minute\" \/>\n<script type=\"application\/ld+json\" class=\"yoast-schema-graph\">{\"@context\":\"https:\/\/schema.org\",\"@graph\":[{\"@type\":\"WebSite\",\"@id\":\"https:\/\/shop.theifab.com\/#website\",\"url\":\"https:\/\/shop.theifab.com\/\",\"name\":\"The IFAB Webshop\",\"description\":\"\",\"potentialAction\":[{\"@type\":\"SearchAction\",\"target\":{\"@type\":\"EntryPoint\",\"urlTemplate\":\"https:\/\/shop.theifab.com\/?s={search_term_string}\"},\"query-input\":\"required name=search_term_string\"}],\"inLanguage\":\"fr-FR\"},{\"@type\":\"ImageObject\",\"@id\":\"https:\/\/shop.theifab.com\/fr\/produit\/lois-du-jeu-2025-26-anglais-preorder\/#primaryimage\",\"inLanguage\":\"fr-FR\",\"url\":\"https:\/\/shop.theifab.com\/wp-content\/uploads\/2025\/03\/Thumbnail-Cover-EN.png\",\"contentUrl\":\"https:\/\/shop.theifab.com\/wp-content\/uploads\/2025\/03\/Thumbnail-Cover-EN.png\",\"width\":972,\"height\":1208},{\"@type\":\"WebPage\",\"@id\":\"https:\/\/shop.theifab.com\/fr\/produit\/lois-du-jeu-2025-26-anglais-preorder\/#webpage\",\"url\":\"https:\/\/shop.theifab.com\/fr\/produit\/lois-du-jeu-2025-26-anglais-preorder\/\",\"name\":\"LOIS DU JEU\u00a02025\/26 - anglais preorder - The IFAB Webshop\",\"isPartOf\":{\"@id\":\"https:\/\/shop.theifab.com\/#website\"},\"primaryImageOfPage\":{\"@id\":\"https:\/\/shop.theifab.com\/fr\/produit\/lois-du-jeu-2025-26-anglais-preorder\/#primaryimage\"},\"datePublished\":\"2025-03-17T10:32:09+00:00\",\"dateModified\":\"2025-06-09T12:57:41+00:00\",\"breadcrumb\":{\"@id\":\"https:\/\/shop.theifab.com\/fr\/produit\/lois-du-jeu-2025-26-anglais-preorder\/#breadcrumb\"},\"inLanguage\":\"fr-FR\",\"potentialAction\":[{\"@type\":\"ReadAction\",\"target\":[\"https:\/\/shop.theifab.com\/fr\/produit\/lois-du-jeu-2025-26-anglais-preorder\/\"]}]},{\"@type\":\"BreadcrumbList\",\"@id\":\"https:\/\/shop.theifab.com\/fr\/produit\/lois-du-jeu-2025-26-anglais-preorder\/#breadcrumb\",\"itemListElement\":[{\"@type\":\"ListItem\",\"position\":1,\"name\":\"Home\",\"item\":\"https:\/\/shop.theifab.com\/fr\/\"},{\"@type\":\"ListItem\",\"position\":2,\"name\":\"Shop\",\"item\":\"https:\/\/shop.theifab.com\/shop\/\"},{\"@type\":\"ListItem\",\"position\":3,\"name\":\"LOIS DU JEU\u00a02025\/26 &#8211;anglais preorder\"}]}]}<\/script>\n<!-- \/ Yoast SEO plugin. -->","yoast_head_json":{"title":"LOIS DU JEU\u00a02025\/26 -anglais preorder - The IFAB Webshop","robots":{"index":"index","follow":"follow","max-snippet":"max-snippet:-1","max-image-preview":"max-image-preview:large","max-video-preview":"max-video-preview:-1"},"canonical":"https:\/\/shop.theifab.com\/fr\/produit\/lois-du-jeu-2025-26-anglais-preorder\/","og_locale":"fr_FR","og_type":"article","og_title":"LOIS DU JEU\u00a02025\/26 -anglais preorder - The IFAB Webshop","og_description":"Distribution juin 2025","og_url":"https:\/\/shop.theifab.com\/fr\/produit\/lois-du-jeu-2025-26-anglais-preorder\/","og_site_name":"The IFAB Webshop","article_modified_time":"2025-06-09T12:57:41+00:00","og_image":[{"width":972,"height":1208,"url":"https:\/\/shop.theifab.com\/wp-content\/uploads\/2025\/03\/Thumbnail-Cover-EN.png","type":"image\/png"}],"twitter_card":"summary_large_image","twitter_misc":{"Dur\u00e9e de lecture estim\u00e9e":"1 minute"},"schema":{"@context":"https:\/\/schema.org","@graph":[{"@type":"WebSite","@id":"https:\/\/shop.theifab.com\/#website","url":"https:\/\/shop.theifab.com\/","name":"The IFAB Webshop","description":"","potentialAction":[{"@type":"SearchAction","target":{"@type":"EntryPoint","urlTemplate":"https:\/\/shop.theifab.com\/?s={search_term_string}"},"query-input":"required name=search_term_string"}],"inLanguage":"fr-FR"},{"@type":"ImageObject","@id":"https:\/\/shop.theifab.com\/fr\/produit\/lois-du-jeu-2025-26-anglais-preorder\/#primaryimage","inLanguage":"fr-FR","url":"https:\/\/shop.theifab.com\/wp-content\/uploads\/2025\/03\/Thumbnail-Cover-EN.png","contentUrl":"https:\/\/shop.theifab.com\/wp-content\/uploads\/2025\/03\/Thumbnail-Cover-EN.png","width":972,"height":1208},{"@type":"WebPage","@id":"https:\/\/shop.theifab.com\/fr\/produit\/lois-du-jeu-2025-26-anglais-preorder\/#webpage","url":"https:\/\/shop.theifab.com\/fr\/produit\/lois-du-jeu-2025-26-anglais-preorder\/","name":"LOIS DU JEU\u00a02025\/26 - anglais preorder - The IFAB Webshop","isPartOf":{"@id":"https:\/\/shop.theifab.com\/#website"},"primaryImageOfPage":{"@id":"https:\/\/shop.theifab.com\/fr\/produit\/lois-du-jeu-2025-26-anglais-preorder\/#primaryimage"},"datePublished":"2025-03-17T10:32:09+00:00","dateModified":"2025-06-09T12:57:41+00:00","breadcrumb":{"@id":"https:\/\/shop.theifab.com\/fr\/produit\/lois-du-jeu-2025-26-anglais-preorder\/#breadcrumb"},"inLanguage":"fr-FR","potentialAction":[{"@type":"ReadAction","target":["https:\/\/shop.theifab.com\/fr\/produit\/lois-du-jeu-2025-26-anglais-preorder\/"]}]},{"@type":"BreadcrumbList","@id":"https:\/\/shop.theifab.com\/fr\/produit\/lois-du-jeu-2025-26-anglais-preorder\/#breadcrumb","itemListElement":[{"@type":"ListItem","position":1,"name":"Home","item":"https:\/\/shop.theifab.com\/fr\/"},{"@type":"ListItem","position":2,"name":"Shop","item":"https:\/\/shop.theifab.com\/shop\/"},{"@type":"ListItem","position":3,"name":"LOIS DU JEU\u00a02025\/26 &#8211;anglais preorder"}]}]}},"_links":{"self":[{"href":"https:\/\/shop.theifab.com\/fr\/wp-json\/wp\/v2\/product\/11247"}],"collection":[{"href":"https:\/\/shop.theifab.com\/fr\/wp-json\/wp\/v2\/product"}],"about":[{"href":"https:\/\/shop.theifab.com\/fr\/wp-json\/wp\/v2\/types\/product"}],"wp:featuredmedia":[{"embeddable":true,"href":"https:\/\/shop.theifab.com\/fr\/wp-json\/wp\/v2\/media\/11265"}],"wp:attachment":[{"href":"https:\/\/shop.theifab.com\/fr\/wp-json\/wp\/v2\/media?parent=11247"}],"wp:term":[{"taxonomy":"product_cat","embeddable":true,"href":"https:\/\/shop.theifab.com\/fr\/wp-json\/wp\/v2\/product_cat?post=11247"},{"taxonomy":"product_tag","embeddable":true,"href":"https:\/\/shop.theifab.com\/fr\/wp-json\/wp\/v2\/product_tag?post=11247"}],"curies":[{"name":"wp","href":"https:\/\/api.w.org\/{rel}","templated":true}]}}