{"id":6354,"date":"2021-03-15T14:19:34","date_gmt":"2021-03-15T13:19:35","guid":{"rendered":"https:\/\/shop-clone2.theifab.com\/?post_type=product&#038;p=6354"},"modified":"2023-03-08T09:52:53","modified_gmt":"2023-03-08T08:52:53","slug":"lois-du-jeu-2021-22-francais","status":"publish","type":"product","link":"https:\/\/shop.theifab.com\/fr\/produit\/lois-du-jeu-2021-22-francais\/","title":{"rendered":"LOIS DU JEU\u00a02021\/22 &#8211;<br>fran\u00e7ais"},"content":{"rendered":"<p>Les Lois du Jeu sont disponibles en quatre langues (allemand, anglais, espagnol et fran\u00e7ais). Vous pouvez r\u00e9gler votre commande en ligne ou par virement bancaire. En cas de probl\u00e8me lors de la commande, n\u2019h\u00e9sitez pas \u00e0 nous contacter (order@ifab.com).<\/p>\n","protected":false},"excerpt":{"rendered":"<p>Les Lois du Jeu sont disponibles en quatre langues (allemand, anglais, espagnol et fran\u00e7ais). Vous&#8230;<\/p>\n","protected":false},"featured_media":6484,"template":"","meta":[],"product_cat":[93],"product_tag":[],"class_list":["post-6354","product","type-product","status-publish","has-post-thumbnail","hentry","product_cat-lois-du-jeu-2021-22"],"yoast_head":"<!-- This site is optimized with the Yoast SEO plugin v18.2 - https:\/\/yoast.com\/wordpress\/plugins\/seo\/ -->\n<title>LOIS DU JEU\u00a02021\/22 -fran\u00e7ais - The IFAB Webshop<\/title>\n<meta name=\"robots\" content=\"index, follow, max-snippet:-1, max-image-preview:large, max-video-preview:-1\" \/>\n<link rel=\"canonical\" href=\"https:\/\/shop.theifab.com\/fr\/produit\/lois-du-jeu-2021-22-francais\/\" \/>\n<meta property=\"og:locale\" content=\"fr_FR\" \/>\n<meta property=\"og:type\" content=\"article\" \/>\n<meta property=\"og:title\" content=\"LOIS DU JEU\u00a02021\/22 -fran\u00e7ais - The IFAB Webshop\" \/>\n<meta property=\"og:description\" content=\"Les Lois du Jeu sont disponibles en quatre langues (allemand, anglais, espagnol et fran\u00e7ais). Vous...\" \/>\n<meta property=\"og:url\" content=\"https:\/\/shop.theifab.com\/fr\/produit\/lois-du-jeu-2021-22-francais\/\" \/>\n<meta property=\"og:site_name\" content=\"The IFAB Webshop\" \/>\n<meta property=\"article:modified_time\" content=\"2023-03-08T08:52:53+00:00\" \/>\n<meta property=\"og:image\" content=\"https:\/\/shop.theifab.com\/wp-content\/uploads\/2021\/03\/IFABWEB-628_photo_product_486x604_1_FR@2x.png\" \/>\n\t<meta property=\"og:image:width\" content=\"972\" \/>\n\t<meta property=\"og:image:height\" content=\"1208\" \/>\n\t<meta property=\"og:image:type\" content=\"image\/png\" \/>\n<meta name=\"twitter:card\" content=\"summary_large_image\" \/>\n<script type=\"application\/ld+json\" class=\"yoast-schema-graph\">{\"@context\":\"https:\/\/schema.org\",\"@graph\":[{\"@type\":\"WebSite\",\"@id\":\"https:\/\/shop.theifab.com\/#website\",\"url\":\"https:\/\/shop.theifab.com\/\",\"name\":\"The IFAB Webshop\",\"description\":\"\",\"potentialAction\":[{\"@type\":\"SearchAction\",\"target\":{\"@type\":\"EntryPoint\",\"urlTemplate\":\"https:\/\/shop.theifab.com\/?s={search_term_string}\"},\"query-input\":\"required name=search_term_string\"}],\"inLanguage\":\"fr-FR\"},{\"@type\":\"ImageObject\",\"@id\":\"https:\/\/shop.theifab.com\/fr\/produit\/lois-du-jeu-2021-22-francais\/#primaryimage\",\"inLanguage\":\"fr-FR\",\"url\":\"https:\/\/shop.theifab.com\/wp-content\/uploads\/2021\/03\/IFABWEB-628_photo_product_486x604_1_FR@2x.png\",\"contentUrl\":\"https:\/\/shop.theifab.com\/wp-content\/uploads\/2021\/03\/IFABWEB-628_photo_product_486x604_1_FR@2x.png\",\"width\":972,\"height\":1208},{\"@type\":\"WebPage\",\"@id\":\"https:\/\/shop.theifab.com\/fr\/produit\/lois-du-jeu-2021-22-francais\/#webpage\",\"url\":\"https:\/\/shop.theifab.com\/fr\/produit\/lois-du-jeu-2021-22-francais\/\",\"name\":\"LOIS DU JEU\u00a02021\/22 - fran\u00e7ais - The IFAB Webshop\",\"isPartOf\":{\"@id\":\"https:\/\/shop.theifab.com\/#website\"},\"primaryImageOfPage\":{\"@id\":\"https:\/\/shop.theifab.com\/fr\/produit\/lois-du-jeu-2021-22-francais\/#primaryimage\"},\"datePublished\":\"2021-03-15T13:19:35+00:00\",\"dateModified\":\"2023-03-08T08:52:53+00:00\",\"breadcrumb\":{\"@id\":\"https:\/\/shop.theifab.com\/fr\/produit\/lois-du-jeu-2021-22-francais\/#breadcrumb\"},\"inLanguage\":\"fr-FR\",\"potentialAction\":[{\"@type\":\"ReadAction\",\"target\":[\"https:\/\/shop.theifab.com\/fr\/produit\/lois-du-jeu-2021-22-francais\/\"]}]},{\"@type\":\"BreadcrumbList\",\"@id\":\"https:\/\/shop.theifab.com\/fr\/produit\/lois-du-jeu-2021-22-francais\/#breadcrumb\",\"itemListElement\":[{\"@type\":\"ListItem\",\"position\":1,\"name\":\"Home\",\"item\":\"https:\/\/shop.theifab.com\/fr\/\"},{\"@type\":\"ListItem\",\"position\":2,\"name\":\"Shop\",\"item\":\"https:\/\/shop.theifab.com\/shop\/\"},{\"@type\":\"ListItem\",\"position\":3,\"name\":\"LOIS DU JEU\u00a02021\/22 &#8211;fran\u00e7ais\"}]}]}<\/script>\n<!-- \/ Yoast SEO plugin. -->","yoast_head_json":{"title":"LOIS DU JEU\u00a02021\/22 -fran\u00e7ais - The IFAB Webshop","robots":{"index":"index","follow":"follow","max-snippet":"max-snippet:-1","max-image-preview":"max-image-preview:large","max-video-preview":"max-video-preview:-1"},"canonical":"https:\/\/shop.theifab.com\/fr\/produit\/lois-du-jeu-2021-22-francais\/","og_locale":"fr_FR","og_type":"article","og_title":"LOIS DU JEU\u00a02021\/22 -fran\u00e7ais - The IFAB Webshop","og_description":"Les Lois du Jeu sont disponibles en quatre langues (allemand, anglais, espagnol et fran\u00e7ais). Vous...","og_url":"https:\/\/shop.theifab.com\/fr\/produit\/lois-du-jeu-2021-22-francais\/","og_site_name":"The IFAB Webshop","article_modified_time":"2023-03-08T08:52:53+00:00","og_image":[{"width":972,"height":1208,"url":"https:\/\/shop.theifab.com\/wp-content\/uploads\/2021\/03\/IFABWEB-628_photo_product_486x604_1_FR@2x.png","type":"image\/png"}],"twitter_card":"summary_large_image","schema":{"@context":"https:\/\/schema.org","@graph":[{"@type":"WebSite","@id":"https:\/\/shop.theifab.com\/#website","url":"https:\/\/shop.theifab.com\/","name":"The IFAB Webshop","description":"","potentialAction":[{"@type":"SearchAction","target":{"@type":"EntryPoint","urlTemplate":"https:\/\/shop.theifab.com\/?s={search_term_string}"},"query-input":"required name=search_term_string"}],"inLanguage":"fr-FR"},{"@type":"ImageObject","@id":"https:\/\/shop.theifab.com\/fr\/produit\/lois-du-jeu-2021-22-francais\/#primaryimage","inLanguage":"fr-FR","url":"https:\/\/shop.theifab.com\/wp-content\/uploads\/2021\/03\/IFABWEB-628_photo_product_486x604_1_FR@2x.png","contentUrl":"https:\/\/shop.theifab.com\/wp-content\/uploads\/2021\/03\/IFABWEB-628_photo_product_486x604_1_FR@2x.png","width":972,"height":1208},{"@type":"WebPage","@id":"https:\/\/shop.theifab.com\/fr\/produit\/lois-du-jeu-2021-22-francais\/#webpage","url":"https:\/\/shop.theifab.com\/fr\/produit\/lois-du-jeu-2021-22-francais\/","name":"LOIS DU JEU\u00a02021\/22 - fran\u00e7ais - The IFAB Webshop","isPartOf":{"@id":"https:\/\/shop.theifab.com\/#website"},"primaryImageOfPage":{"@id":"https:\/\/shop.theifab.com\/fr\/produit\/lois-du-jeu-2021-22-francais\/#primaryimage"},"datePublished":"2021-03-15T13:19:35+00:00","dateModified":"2023-03-08T08:52:53+00:00","breadcrumb":{"@id":"https:\/\/shop.theifab.com\/fr\/produit\/lois-du-jeu-2021-22-francais\/#breadcrumb"},"inLanguage":"fr-FR","potentialAction":[{"@type":"ReadAction","target":["https:\/\/shop.theifab.com\/fr\/produit\/lois-du-jeu-2021-22-francais\/"]}]},{"@type":"BreadcrumbList","@id":"https:\/\/shop.theifab.com\/fr\/produit\/lois-du-jeu-2021-22-francais\/#breadcrumb","itemListElement":[{"@type":"ListItem","position":1,"name":"Home","item":"https:\/\/shop.theifab.com\/fr\/"},{"@type":"ListItem","position":2,"name":"Shop","item":"https:\/\/shop.theifab.com\/shop\/"},{"@type":"ListItem","position":3,"name":"LOIS DU JEU\u00a02021\/22 &#8211;fran\u00e7ais"}]}]}},"_links":{"self":[{"href":"https:\/\/shop.theifab.com\/fr\/wp-json\/wp\/v2\/product\/6354"}],"collection":[{"href":"https:\/\/shop.theifab.com\/fr\/wp-json\/wp\/v2\/product"}],"about":[{"href":"https:\/\/shop.theifab.com\/fr\/wp-json\/wp\/v2\/types\/product"}],"wp:featuredmedia":[{"embeddable":true,"href":"https:\/\/shop.theifab.com\/fr\/wp-json\/wp\/v2\/media\/6484"}],"wp:attachment":[{"href":"https:\/\/shop.theifab.com\/fr\/wp-json\/wp\/v2\/media?parent=6354"}],"wp:term":[{"taxonomy":"product_cat","embeddable":true,"href":"https:\/\/shop.theifab.com\/fr\/wp-json\/wp\/v2\/product_cat?post=6354"},{"taxonomy":"product_tag","embeddable":true,"href":"https:\/\/shop.theifab.com\/fr\/wp-json\/wp\/v2\/product_tag?post=6354"}],"curies":[{"name":"wp","href":"https:\/\/api.w.org\/{rel}","templated":true}]}}